{"id":1406,"date":"2021-07-18T15:13:18","date_gmt":"2021-07-18T15:13:18","guid":{"rendered":"https:\/\/evidencia-pe.com\/blog\/?page_id=1406"},"modified":"2024-10-02T02:15:25","modified_gmt":"2024-10-02T02:15:25","slug":"equipo","status":"publish","type":"page","link":"https:\/\/evidencia-pe.com\/blog\/equipo\/","title":{"rendered":"Equipo"},"content":{"rendered":"\t\t<div data-elementor-type=\"wp-page\" data-elementor-id=\"1406\" class=\"elementor elementor-1406\">\n\t\t\t\t\t\t\t\t\t<section class=\"elementor-section elementor-top-section elementor-element elementor-element-ce51283 elementor-section-full_width elementor-section-height-default elementor-section-height-default\" data-id=\"ce51283\" data-element_type=\"section\" data-settings=\"{&quot;background_background&quot;:&quot;classic&quot;}\">\n\t\t\t\t\t\t<div class=\"elementor-container elementor-column-gap-default\">\n\t\t\t\t\t<div class=\"elementor-column elementor-col-100 elementor-top-column elementor-element elementor-element-7f3cb08a\" data-id=\"7f3cb08a\" data-element_type=\"column\">\n\t\t\t<div class=\"elementor-widget-wrap elementor-element-populated\">\n\t\t\t\t\t\t\t\t<div class=\"elementor-element elementor-element-5042f377 elementor-widget elementor-widget-avo-team\" data-id=\"5042f377\" data-element_type=\"widget\" data-widget_type=\"avo-team.default\">\n\t\t\t\t<div class=\"elementor-widget-container\">\n\t\t\t<div class=\"avo-team style-4\">\r\n    <div class=\"team section-padding\">\r\n        <div class=\"container\">\r\n            <div class=\"row\">\r\n                <div class=\"col-lg-4 valign\">\r\n                    <div class=\"full-width\">\r\n                        <div class=\"sec-head custom-font mb-0\">\r\n                            <h6>EL DIRECTORIO<\/h6>\r\n                            <h3>EQUIPO<\/h3>\r\n                        <\/div>\r\n                        <div class=\"navs mt-30 wow fadeInUp\" data-wow-delay=\".3s\">\r\n                            <span class=\"prev cursor-pointer\">\r\n                                <i class=\"fas fa-chevron-left\"><\/i>\r\n                            <\/span>\r\n                            <span class=\"next cursor-pointer\">\r\n                                <i class=\"fas fa-chevron-right\"><\/i>\r\n                            <\/span>\r\n                        <\/div>\r\n                    <\/div>\r\n                <\/div>\r\n                <div class=\"col-lg-8\">\r\n                    <div class=\"team-container\">\r\n                                                <div class=\"item wow fadeInUp\" data-wow-delay=\".3s\">\r\n                            <div class=\"img wow imago\">\r\n                                <img decoding=\"async\" src=\"https:\/\/evidencia-pe.com\/blog\/wp-content\/uploads\/2024\/04\/Gleisi-Cubas1.png\" alt=\"img\">\r\n                            <\/div>\r\n                            <div class=\"info\">\r\n                                <h5>Gleisi Cubas<\/h5>\r\n                                <span>Direcci\u00f3n General<\/span>\r\n                                <div class=\"social\">\r\n                                                                            <a href=\"#0\"><i class=\"fab fa-facebook-f\"><\/i><\/a> \r\n                                                                        \r\n                                                                        <a href=\"#0\"><i class=\"fab fa-twitter\"><\/i><\/a>\r\n                                    \r\n                                                                        <a href=\"#0\"><i class=\"fab fa-behance\"><\/i><\/a>\r\n                                    \r\n                                                                        <a href=\"#0\"><i class=\"fab fa-linkedin-in\"><\/i><\/a>\r\n                                                                    <\/div>\r\n                            <\/div>\r\n                        <\/div>\r\n                                                <div class=\"item wow fadeInUp\" data-wow-delay=\".3s\">\r\n                            <div class=\"img wow imago\">\r\n                                <img decoding=\"async\" src=\"https:\/\/evidencia-pe.com\/blog\/wp-content\/uploads\/2024\/03\/melissa-montero-f.png\" alt=\"img\">\r\n                            <\/div>\r\n                            <div class=\"info\">\r\n                                <h5>Melissa Montero<\/h5>\r\n                                <span>Vicedirecci\u00f3n General<\/span>\r\n                                <div class=\"social\">\r\n                                                                            <a href=\"#0\"><i class=\"fab fa-facebook-f\"><\/i><\/a> \r\n                                                                        \r\n                                                                        <a href=\"#0\"><i class=\"fab fa-twitter\"><\/i><\/a>\r\n                                    \r\n                                                                        <a href=\"#0\"><i class=\"fab fa-behance\"><\/i><\/a>\r\n                                    \r\n                                                                        <a href=\"#0\"><i class=\"fab fa-linkedin-in\"><\/i><\/a>\r\n                                                                    <\/div>\r\n                            <\/div>\r\n                        <\/div>\r\n                                                <div class=\"item wow fadeInUp\" data-wow-delay=\".3s\">\r\n                            <div class=\"img wow imago\">\r\n                                <img decoding=\"async\" src=\"https:\/\/evidencia-pe.com\/blog\/wp-content\/uploads\/2024\/03\/francisco-valdivia-2.png\" alt=\"img\">\r\n                            <\/div>\r\n                            <div class=\"info\">\r\n                                <h5>Francisco Valdivia<\/h5>\r\n                                <span>Direcci\u00f3n Acad\u00e9mica<\/span>\r\n                                <div class=\"social\">\r\n                                                                            <a href=\"#0\"><i class=\"fab fa-facebook-f\"><\/i><\/a> \r\n                                                                        \r\n                                                                        <a href=\"#0\"><i class=\"fab fa-twitter\"><\/i><\/a>\r\n                                    \r\n                                                                        <a href=\"#0\"><i class=\"fab fa-behance\"><\/i><\/a>\r\n                                    \r\n                                                                        <a href=\"#0\"><i class=\"fab fa-linkedin-in\"><\/i><\/a>\r\n                                                                    <\/div>\r\n                            <\/div>\r\n                        <\/div>\r\n                                                <div class=\"item wow fadeInUp\" data-wow-delay=\".3s\">\r\n                            <div class=\"img wow imago\">\r\n                                <img decoding=\"async\" src=\"https:\/\/evidencia-pe.com\/blog\/wp-content\/uploads\/2024\/04\/andrea-borasino1.png\" alt=\"img\">\r\n                            <\/div>\r\n                            <div class=\"info\">\r\n                                <h5>Andrea Borasino<\/h5>\r\n                                <span>Direcci\u00f3n de Comunicaciones<\/span>\r\n                                <div class=\"social\">\r\n                                                                            <a href=\"#0\"><i class=\"fab fa-facebook-f\"><\/i><\/a> \r\n                                                                        \r\n                                                                        <a href=\"#0\"><i class=\"fab fa-twitter\"><\/i><\/a>\r\n                                    \r\n                                                                        <a href=\"#0\"><i class=\"fab fa-behance\"><\/i><\/a>\r\n                                    \r\n                                                                        <a href=\"#0\"><i class=\"fab fa-linkedin-in\"><\/i><\/a>\r\n                                                                    <\/div>\r\n                            <\/div>\r\n                        <\/div>\r\n                                                <div class=\"item wow fadeInUp\" data-wow-delay=\".3s\">\r\n                            <div class=\"img wow imago\">\r\n                                <img decoding=\"async\" src=\"https:\/\/evidencia-pe.com\/blog\/wp-content\/uploads\/2024\/04\/diana-urviola.png\" alt=\"img\">\r\n                            <\/div>\r\n                            <div class=\"info\">\r\n                                <h5>Diana Urviola<\/h5>\r\n                                <span>Direcci\u00f3n de Investigaci\u00f3n<\/span>\r\n                                <div class=\"social\">\r\n                                                                            <a href=\"#0\"><i class=\"fab fa-facebook-f\"><\/i><\/a> \r\n                                                                        \r\n                                                                        <a href=\"#0\"><i class=\"fab fa-twitter\"><\/i><\/a>\r\n                                    \r\n                                                                        <a href=\"#0\"><i class=\"fab fa-behance\"><\/i><\/a>\r\n                                    \r\n                                                                        <a href=\"#0\"><i class=\"fab fa-linkedin-in\"><\/i><\/a>\r\n                                                                    <\/div>\r\n                            <\/div>\r\n                        <\/div>\r\n                                                <div class=\"item wow fadeInUp\" data-wow-delay=\".3s\">\r\n                            <div class=\"img wow imago\">\r\n                                <img decoding=\"async\" src=\"https:\/\/evidencia-pe.com\/blog\/wp-content\/uploads\/2024\/03\/jeanette-vivanco-f.png\" alt=\"img\">\r\n                            <\/div>\r\n                            <div class=\"info\">\r\n                                <h5>Jeanette Vivanco<\/h5>\r\n                                <span>Direcci\u00f3n de Administraci\u00f3n y Finanzas<\/span>\r\n                                <div class=\"social\">\r\n                                                                            <a href=\"#0\"><i class=\"fab fa-facebook-f\"><\/i><\/a> \r\n                                                                        \r\n                                                                        <a href=\"#0\"><i class=\"fab fa-twitter\"><\/i><\/a>\r\n                                    \r\n                                                                        <a href=\"#0\"><i class=\"fab fa-behance\"><\/i><\/a>\r\n                                    \r\n                                                                        <a href=\"#0\"><i class=\"fab fa-linkedin-in\"><\/i><\/a>\r\n                                                                    <\/div>\r\n                            <\/div>\r\n                        <\/div>\r\n                                            <\/div>\r\n                <\/div>\r\n            <\/div>\r\n        <\/div>\r\n    <\/div>\r\n<\/div>\t\t<\/div>\n\t\t\t\t<\/div>\n\t\t\t\t\t<\/div>\n\t\t<\/div>\n\t\t\t\t\t\t\t<\/div>\n\t\t<\/section>\n\t\t\t\t\t\t\t<\/div>\n\t\t","protected":false},"excerpt":{"rendered":"<p>EL DIRECTORIO EQUIPO Gleisi Cubas Direcci\u00f3n General Melissa Montero Vicedirecci\u00f3n General Francisco Valdivia Direcci\u00f3n Acad\u00e9mica Andrea Borasino Direcci\u00f3n de Comunicaciones Diana Urviola Direcci\u00f3n de Investigaci\u00f3n Jeanette Vivanco Direcci\u00f3n de Administraci\u00f3n y Finanzas<\/p>\n","protected":false},"author":2,"featured_media":0,"parent":0,"menu_order":0,"comment_status":"closed","ping_status":"closed","template":"blank-builder.php","meta":{"footnotes":""},"class_list":["post-1406","page","type-page","status-publish","hentry"],"yoast_head":"<!-- This site is optimized with the Yoast SEO plugin v24.4 - https:\/\/yoast.com\/wordpress\/plugins\/seo\/ -->\n<title>Equipo - Evidencia<\/title>\n<meta name=\"robots\" content=\"index, follow, max-snippet:-1, max-image-preview:large, max-video-preview:-1\" \/>\n<link rel=\"canonical\" href=\"https:\/\/evidencia-pe.com\/blog\/equipo\/\" \/>\n<meta property=\"og:locale\" content=\"es_ES\" \/>\n<meta property=\"og:type\" content=\"article\" \/>\n<meta property=\"og:title\" content=\"Equipo - Evidencia\" \/>\n<meta property=\"og:description\" content=\"EL DIRECTORIO EQUIPO Gleisi Cubas Direcci\u00f3n General Melissa Montero Vicedirecci\u00f3n General Francisco Valdivia Direcci\u00f3n Acad\u00e9mica Andrea Borasino Direcci\u00f3n de Comunicaciones Diana Urviola Direcci\u00f3n de Investigaci\u00f3n Jeanette Vivanco Direcci\u00f3n de Administraci\u00f3n y Finanzas\" \/>\n<meta property=\"og:url\" content=\"https:\/\/evidencia-pe.com\/blog\/equipo\/\" \/>\n<meta property=\"og:site_name\" content=\"Evidencia\" \/>\n<meta property=\"article:publisher\" content=\"https:\/\/www.facebook.com\/evidencia.pe\/\" \/>\n<meta property=\"article:modified_time\" content=\"2024-10-02T02:15:25+00:00\" \/>\n<meta property=\"og:image\" content=\"https:\/\/evidencia-pe.com\/blog\/wp-content\/uploads\/2024\/04\/Gleisi-Cubas1.png\" \/>\n<meta name=\"twitter:card\" content=\"summary_large_image\" \/>\n<meta name=\"twitter:site\" content=\"@Evidencia_pe\" \/>\n<script type=\"application\/ld+json\" class=\"yoast-schema-graph\">{\"@context\":\"https:\/\/schema.org\",\"@graph\":[{\"@type\":\"WebPage\",\"@id\":\"https:\/\/evidencia-pe.com\/blog\/equipo\/\",\"url\":\"https:\/\/evidencia-pe.com\/blog\/equipo\/\",\"name\":\"Equipo - Evidencia\",\"isPartOf\":{\"@id\":\"https:\/\/evidencia-pe.com\/blog\/#website\"},\"primaryImageOfPage\":{\"@id\":\"https:\/\/evidencia-pe.com\/blog\/equipo\/#primaryimage\"},\"image\":{\"@id\":\"https:\/\/evidencia-pe.com\/blog\/equipo\/#primaryimage\"},\"thumbnailUrl\":\"https:\/\/evidencia-pe.com\/blog\/wp-content\/uploads\/2024\/04\/Gleisi-Cubas1.png\",\"datePublished\":\"2021-07-18T15:13:18+00:00\",\"dateModified\":\"2024-10-02T02:15:25+00:00\",\"breadcrumb\":{\"@id\":\"https:\/\/evidencia-pe.com\/blog\/equipo\/#breadcrumb\"},\"inLanguage\":\"es\",\"potentialAction\":[{\"@type\":\"ReadAction\",\"target\":[\"https:\/\/evidencia-pe.com\/blog\/equipo\/\"]}]},{\"@type\":\"ImageObject\",\"inLanguage\":\"es\",\"@id\":\"https:\/\/evidencia-pe.com\/blog\/equipo\/#primaryimage\",\"url\":\"https:\/\/evidencia-pe.com\/blog\/wp-content\/uploads\/2024\/04\/Gleisi-Cubas1.png\",\"contentUrl\":\"https:\/\/evidencia-pe.com\/blog\/wp-content\/uploads\/2024\/04\/Gleisi-Cubas1.png\",\"width\":332,\"height\":512},{\"@type\":\"BreadcrumbList\",\"@id\":\"https:\/\/evidencia-pe.com\/blog\/equipo\/#breadcrumb\",\"itemListElement\":[{\"@type\":\"ListItem\",\"position\":1,\"name\":\"Portada\",\"item\":\"https:\/\/evidencia-pe.com\/blog\/\"},{\"@type\":\"ListItem\",\"position\":2,\"name\":\"Equipo\"}]},{\"@type\":\"WebSite\",\"@id\":\"https:\/\/evidencia-pe.com\/blog\/#website\",\"url\":\"https:\/\/evidencia-pe.com\/blog\/\",\"name\":\"Evidencia\",\"description\":\"Observatorio de pol\u00edticas p\u00fablicas\",\"publisher\":{\"@id\":\"https:\/\/evidencia-pe.com\/blog\/#organization\"},\"potentialAction\":[{\"@type\":\"SearchAction\",\"target\":{\"@type\":\"EntryPoint\",\"urlTemplate\":\"https:\/\/evidencia-pe.com\/blog\/?s={search_term_string}\"},\"query-input\":{\"@type\":\"PropertyValueSpecification\",\"valueRequired\":true,\"valueName\":\"search_term_string\"}}],\"inLanguage\":\"es\"},{\"@type\":\"Organization\",\"@id\":\"https:\/\/evidencia-pe.com\/blog\/#organization\",\"name\":\"Evidencia\",\"url\":\"https:\/\/evidencia-pe.com\/blog\/\",\"logo\":{\"@type\":\"ImageObject\",\"inLanguage\":\"es\",\"@id\":\"https:\/\/evidencia-pe.com\/blog\/#\/schema\/logo\/image\/\",\"url\":\"https:\/\/evidencia-pe.com\/blog\/wp-content\/uploads\/2021\/07\/logo-new.png\",\"contentUrl\":\"https:\/\/evidencia-pe.com\/blog\/wp-content\/uploads\/2021\/07\/logo-new.png\",\"width\":1799,\"height\":2044,\"caption\":\"Evidencia\"},\"image\":{\"@id\":\"https:\/\/evidencia-pe.com\/blog\/#\/schema\/logo\/image\/\"},\"sameAs\":[\"https:\/\/www.facebook.com\/evidencia.pe\/\",\"https:\/\/x.com\/Evidencia_pe\",\"https:\/\/www.instagram.com\/evidencia_pe\/\",\"https:\/\/www.linkedin.com\/company\/evidencia-pe\/\",\"https:\/\/www.youtube.com\/channel\/UCrTD_hhcBfmY3B-ZgLF5xRg\"]}]}<\/script>\n<!-- \/ Yoast SEO plugin. -->","yoast_head_json":{"title":"Equipo - Evidencia","robots":{"index":"index","follow":"follow","max-snippet":"max-snippet:-1","max-image-preview":"max-image-preview:large","max-video-preview":"max-video-preview:-1"},"canonical":"https:\/\/evidencia-pe.com\/blog\/equipo\/","og_locale":"es_ES","og_type":"article","og_title":"Equipo - Evidencia","og_description":"EL DIRECTORIO EQUIPO Gleisi Cubas Direcci\u00f3n General Melissa Montero Vicedirecci\u00f3n General Francisco Valdivia Direcci\u00f3n Acad\u00e9mica Andrea Borasino Direcci\u00f3n de Comunicaciones Diana Urviola Direcci\u00f3n de Investigaci\u00f3n Jeanette Vivanco Direcci\u00f3n de Administraci\u00f3n y Finanzas","og_url":"https:\/\/evidencia-pe.com\/blog\/equipo\/","og_site_name":"Evidencia","article_publisher":"https:\/\/www.facebook.com\/evidencia.pe\/","article_modified_time":"2024-10-02T02:15:25+00:00","og_image":[{"url":"https:\/\/evidencia-pe.com\/blog\/wp-content\/uploads\/2024\/04\/Gleisi-Cubas1.png","type":"","width":"","height":""}],"twitter_card":"summary_large_image","twitter_site":"@Evidencia_pe","schema":{"@context":"https:\/\/schema.org","@graph":[{"@type":"WebPage","@id":"https:\/\/evidencia-pe.com\/blog\/equipo\/","url":"https:\/\/evidencia-pe.com\/blog\/equipo\/","name":"Equipo - Evidencia","isPartOf":{"@id":"https:\/\/evidencia-pe.com\/blog\/#website"},"primaryImageOfPage":{"@id":"https:\/\/evidencia-pe.com\/blog\/equipo\/#primaryimage"},"image":{"@id":"https:\/\/evidencia-pe.com\/blog\/equipo\/#primaryimage"},"thumbnailUrl":"https:\/\/evidencia-pe.com\/blog\/wp-content\/uploads\/2024\/04\/Gleisi-Cubas1.png","datePublished":"2021-07-18T15:13:18+00:00","dateModified":"2024-10-02T02:15:25+00:00","breadcrumb":{"@id":"https:\/\/evidencia-pe.com\/blog\/equipo\/#breadcrumb"},"inLanguage":"es","potentialAction":[{"@type":"ReadAction","target":["https:\/\/evidencia-pe.com\/blog\/equipo\/"]}]},{"@type":"ImageObject","inLanguage":"es","@id":"https:\/\/evidencia-pe.com\/blog\/equipo\/#primaryimage","url":"https:\/\/evidencia-pe.com\/blog\/wp-content\/uploads\/2024\/04\/Gleisi-Cubas1.png","contentUrl":"https:\/\/evidencia-pe.com\/blog\/wp-content\/uploads\/2024\/04\/Gleisi-Cubas1.png","width":332,"height":512},{"@type":"BreadcrumbList","@id":"https:\/\/evidencia-pe.com\/blog\/equipo\/#breadcrumb","itemListElement":[{"@type":"ListItem","position":1,"name":"Portada","item":"https:\/\/evidencia-pe.com\/blog\/"},{"@type":"ListItem","position":2,"name":"Equipo"}]},{"@type":"WebSite","@id":"https:\/\/evidencia-pe.com\/blog\/#website","url":"https:\/\/evidencia-pe.com\/blog\/","name":"Evidencia","description":"Observatorio de pol\u00edticas p\u00fablicas","publisher":{"@id":"https:\/\/evidencia-pe.com\/blog\/#organization"},"potentialAction":[{"@type":"SearchAction","target":{"@type":"EntryPoint","urlTemplate":"https:\/\/evidencia-pe.com\/blog\/?s={search_term_string}"},"query-input":{"@type":"PropertyValueSpecification","valueRequired":true,"valueName":"search_term_string"}}],"inLanguage":"es"},{"@type":"Organization","@id":"https:\/\/evidencia-pe.com\/blog\/#organization","name":"Evidencia","url":"https:\/\/evidencia-pe.com\/blog\/","logo":{"@type":"ImageObject","inLanguage":"es","@id":"https:\/\/evidencia-pe.com\/blog\/#\/schema\/logo\/image\/","url":"https:\/\/evidencia-pe.com\/blog\/wp-content\/uploads\/2021\/07\/logo-new.png","contentUrl":"https:\/\/evidencia-pe.com\/blog\/wp-content\/uploads\/2021\/07\/logo-new.png","width":1799,"height":2044,"caption":"Evidencia"},"image":{"@id":"https:\/\/evidencia-pe.com\/blog\/#\/schema\/logo\/image\/"},"sameAs":["https:\/\/www.facebook.com\/evidencia.pe\/","https:\/\/x.com\/Evidencia_pe","https:\/\/www.instagram.com\/evidencia_pe\/","https:\/\/www.linkedin.com\/company\/evidencia-pe\/","https:\/\/www.youtube.com\/channel\/UCrTD_hhcBfmY3B-ZgLF5xRg"]}]}},"_links":{"self":[{"href":"https:\/\/evidencia-pe.com\/blog\/wp-json\/wp\/v2\/pages\/1406","targetHints":{"allow":["GET"]}}],"collection":[{"href":"https:\/\/evidencia-pe.com\/blog\/wp-json\/wp\/v2\/pages"}],"about":[{"href":"https:\/\/evidencia-pe.com\/blog\/wp-json\/wp\/v2\/types\/page"}],"author":[{"embeddable":true,"href":"https:\/\/evidencia-pe.com\/blog\/wp-json\/wp\/v2\/users\/2"}],"replies":[{"embeddable":true,"href":"https:\/\/evidencia-pe.com\/blog\/wp-json\/wp\/v2\/comments?post=1406"}],"version-history":[{"count":246,"href":"https:\/\/evidencia-pe.com\/blog\/wp-json\/wp\/v2\/pages\/1406\/revisions"}],"predecessor-version":[{"id":5364,"href":"https:\/\/evidencia-pe.com\/blog\/wp-json\/wp\/v2\/pages\/1406\/revisions\/5364"}],"wp:attachment":[{"href":"https:\/\/evidencia-pe.com\/blog\/wp-json\/wp\/v2\/media?parent=1406"}],"curies":[{"name":"wp","href":"https:\/\/api.w.org\/{rel}","templated":true}]}}