{"id":1626,"date":"2021-07-21T01:20:25","date_gmt":"2021-07-21T01:20:25","guid":{"rendered":"https:\/\/evidencia-pe.com\/blog\/?page_id=1626"},"modified":"2024-05-06T00:44:48","modified_gmt":"2024-05-06T00:44:48","slug":"mision-y-vision","status":"publish","type":"page","link":"https:\/\/evidencia-pe.com\/blog\/mision-y-vision\/","title":{"rendered":"mision-y-vision"},"content":{"rendered":"\t\t<div data-elementor-type=\"wp-page\" data-elementor-id=\"1626\" class=\"elementor elementor-1626\">\n\t\t\t\t\t\t\t\t\t<section class=\"elementor-section elementor-top-section elementor-element elementor-element-2a57810f avo-section-mode1 elementor-section-boxed elementor-section-height-default elementor-section-height-default\" data-id=\"2a57810f\" data-element_type=\"section\" data-settings=\"{&quot;background_background&quot;:&quot;classic&quot;}\">\n\t\t\t\t\t\t<div class=\"elementor-container elementor-column-gap-no\">\n\t\t\t\t\t<div class=\"elementor-column elementor-col-100 elementor-top-column elementor-element elementor-element-1547bda\" data-id=\"1547bda\" data-element_type=\"column\">\n\t\t\t<div class=\"elementor-widget-wrap elementor-element-populated\">\n\t\t\t\t\t\t\t\t<div class=\"elementor-element elementor-element-b316435 elementor-widget elementor-widget-avo-featured\" data-id=\"b316435\" data-element_type=\"widget\" data-widget_type=\"avo-featured.default\">\n\t\t\t\t<div class=\"elementor-widget-container\">\n\t\t\t<div class=\"avo-featured style-3\">\r\n    <div class=\"min-area sub-bg\">\r\n        <div class=\"container\">\r\n            <div class=\"row\">\r\n                <div class=\"col-lg-6\">\r\n                    <div class=\"img\">\r\n                        <img decoding=\"async\" class=\"thumparallax-down\" src=\"https:\/\/evidencia-pe.com\/blog\/wp-content\/uploads\/2021\/07\/ev-back.jpeg\" alt=\"\">\r\n                    <\/div>\r\n                <\/div>\r\n                <div class=\"col-lg-6 valign\">\r\n                    <div class=\"content\">\r\n                        <h4 class=\"wow custom-font\" data-splitting>Nosotros<\/h4>\r\n                        <p class=\"wow txt\" data-splitting>Somos un espacio de investigaci\u00f3n socioecon\u00f3mica que analiza el impacto de las pol\u00edticas p\u00fabilcas.<\/p>\r\n                        <ul class=\"feat\">\r\n                                                        <li class=\"wow fadeInUp\" data-wow-delay=\".2s\">\r\n                                <h6><span>1<\/span>Misi\u00f3n<\/h6>\r\n                                <p>Evidencia tiene como misi\u00f3n contribuir al estudio, an\u00e1lisis y difusi\u00f3n de evidencia sobre el impacto social y econ\u00f3mico que genera la implementaci\u00f3n de las pol\u00edticas p\u00fablicas en el Per\u00fa, en favor de la ciudadan\u00eda, academia y tomadores de decisiones. Nuestra visi\u00f3n es constituirnos como un espacio de referencia acad\u00e9mica nacional para el an\u00e1lisis del impacto de las pol\u00edticas p\u00fablicas.<\/p>\r\n                            <\/li>\r\n                                                        <li class=\"wow fadeInUp\" data-wow-delay=\".2s\">\r\n                                <h6><span>2<\/span>Visi\u00f3n<\/h6>\r\n                                <p>Construirnos como un espacio de referencia acad\u00e9mica nacional para el monitoreo y el estudio del impacto de las pol\u00edticas p\u00fablicas en el pa\u00eds.<\/p>\r\n                            <\/li>\r\n                                                    <\/ul>\r\n                    <\/div>\r\n                <\/div>\r\n            <\/div>\r\n        <\/div>\r\n    <\/div>\r\n<\/div>\t\t<\/div>\n\t\t\t\t<\/div>\n\t\t\t\t\t<\/div>\n\t\t<\/div>\n\t\t\t\t\t\t\t<\/div>\n\t\t<\/section>\n\t\t\t\t<section class=\"elementor-section elementor-top-section elementor-element elementor-element-433af2b elementor-section-full_width elementor-hidden-phone elementor-section-height-default elementor-section-height-default\" data-id=\"433af2b\" data-element_type=\"section\">\n\t\t\t\t\t\t<div class=\"elementor-container elementor-column-gap-no\">\n\t\t\t\t\t<div class=\"elementor-column elementor-col-100 elementor-top-column elementor-element elementor-element-5b9a4d4\" data-id=\"5b9a4d4\" data-element_type=\"column\">\n\t\t\t<div class=\"elementor-widget-wrap\">\n\t\t\t\t\t\t\t\t\t<\/div>\n\t\t<\/div>\n\t\t\t\t\t\t\t<\/div>\n\t\t<\/section>\n\t\t\t\t\t\t\t<\/div>\n\t\t","protected":false},"excerpt":{"rendered":"<p>Nosotros Somos un espacio de investigaci\u00f3n socioecon\u00f3mica que analiza el impacto de las pol\u00edticas p\u00fabilcas. 1Misi\u00f3n Evidencia tiene como misi\u00f3n contribuir al estudio, an\u00e1lisis y difusi\u00f3n de evidencia sobre el impacto social y econ\u00f3mico que genera la implementaci\u00f3n de las pol\u00edticas p\u00fablicas en el Per\u00fa, en favor de la ciudadan\u00eda, academia y tomadores de decisiones. Nuestra visi\u00f3n es constituirnos como &hellip;<\/p>\n","protected":false},"author":2,"featured_media":0,"parent":0,"menu_order":0,"comment_status":"closed","ping_status":"closed","template":"blank-builder.php","meta":{"footnotes":""},"class_list":["post-1626","page","type-page","status-publish","hentry"],"yoast_head":"<!-- This site is optimized with the Yoast SEO plugin v24.4 - https:\/\/yoast.com\/wordpress\/plugins\/seo\/ -->\n<title>mision-y-vision - Evidencia<\/title>\n<meta name=\"robots\" content=\"index, follow, max-snippet:-1, max-image-preview:large, max-video-preview:-1\" \/>\n<link rel=\"canonical\" href=\"https:\/\/evidencia-pe.com\/blog\/mision-y-vision\/\" \/>\n<meta property=\"og:locale\" content=\"es_ES\" \/>\n<meta property=\"og:type\" content=\"article\" \/>\n<meta property=\"og:title\" content=\"mision-y-vision - Evidencia\" \/>\n<meta property=\"og:description\" content=\"Nosotros Somos un espacio de investigaci\u00f3n socioecon\u00f3mica que analiza el impacto de las pol\u00edticas p\u00fabilcas. 1Misi\u00f3n Evidencia tiene como misi\u00f3n contribuir al estudio, an\u00e1lisis y difusi\u00f3n de evidencia sobre el impacto social y econ\u00f3mico que genera la implementaci\u00f3n de las pol\u00edticas p\u00fablicas en el Per\u00fa, en favor de la ciudadan\u00eda, academia y tomadores de decisiones. Nuestra visi\u00f3n es constituirnos como &hellip;\" \/>\n<meta property=\"og:url\" content=\"https:\/\/evidencia-pe.com\/blog\/mision-y-vision\/\" \/>\n<meta property=\"og:site_name\" content=\"Evidencia\" \/>\n<meta property=\"article:publisher\" content=\"https:\/\/www.facebook.com\/evidencia.pe\/\" \/>\n<meta property=\"article:modified_time\" content=\"2024-05-06T00:44:48+00:00\" \/>\n<meta property=\"og:image\" content=\"https:\/\/evidencia-pe.com\/blog\/wp-content\/uploads\/2021\/07\/ev-back.jpeg\" \/>\n<meta name=\"twitter:card\" content=\"summary_large_image\" \/>\n<meta name=\"twitter:site\" content=\"@Evidencia_pe\" \/>\n<meta name=\"twitter:label1\" content=\"Tiempo de lectura\" \/>\n\t<meta name=\"twitter:data1\" content=\"1 minuto\" \/>\n<script type=\"application\/ld+json\" class=\"yoast-schema-graph\">{\"@context\":\"https:\/\/schema.org\",\"@graph\":[{\"@type\":\"WebPage\",\"@id\":\"https:\/\/evidencia-pe.com\/blog\/mision-y-vision\/\",\"url\":\"https:\/\/evidencia-pe.com\/blog\/mision-y-vision\/\",\"name\":\"mision-y-vision - Evidencia\",\"isPartOf\":{\"@id\":\"https:\/\/evidencia-pe.com\/blog\/#website\"},\"primaryImageOfPage\":{\"@id\":\"https:\/\/evidencia-pe.com\/blog\/mision-y-vision\/#primaryimage\"},\"image\":{\"@id\":\"https:\/\/evidencia-pe.com\/blog\/mision-y-vision\/#primaryimage\"},\"thumbnailUrl\":\"https:\/\/evidencia-pe.com\/blog\/wp-content\/uploads\/2021\/07\/ev-back.jpeg\",\"datePublished\":\"2021-07-21T01:20:25+00:00\",\"dateModified\":\"2024-05-06T00:44:48+00:00\",\"breadcrumb\":{\"@id\":\"https:\/\/evidencia-pe.com\/blog\/mision-y-vision\/#breadcrumb\"},\"inLanguage\":\"es\",\"potentialAction\":[{\"@type\":\"ReadAction\",\"target\":[\"https:\/\/evidencia-pe.com\/blog\/mision-y-vision\/\"]}]},{\"@type\":\"ImageObject\",\"inLanguage\":\"es\",\"@id\":\"https:\/\/evidencia-pe.com\/blog\/mision-y-vision\/#primaryimage\",\"url\":\"https:\/\/evidencia-pe.com\/blog\/wp-content\/uploads\/2021\/07\/ev-back.jpeg\",\"contentUrl\":\"https:\/\/evidencia-pe.com\/blog\/wp-content\/uploads\/2021\/07\/ev-back.jpeg\",\"width\":1241,\"height\":1754},{\"@type\":\"BreadcrumbList\",\"@id\":\"https:\/\/evidencia-pe.com\/blog\/mision-y-vision\/#breadcrumb\",\"itemListElement\":[{\"@type\":\"ListItem\",\"position\":1,\"name\":\"Portada\",\"item\":\"https:\/\/evidencia-pe.com\/blog\/\"},{\"@type\":\"ListItem\",\"position\":2,\"name\":\"mision-y-vision\"}]},{\"@type\":\"WebSite\",\"@id\":\"https:\/\/evidencia-pe.com\/blog\/#website\",\"url\":\"https:\/\/evidencia-pe.com\/blog\/\",\"name\":\"Evidencia\",\"description\":\"Observatorio de pol\u00edticas p\u00fablicas\",\"publisher\":{\"@id\":\"https:\/\/evidencia-pe.com\/blog\/#organization\"},\"potentialAction\":[{\"@type\":\"SearchAction\",\"target\":{\"@type\":\"EntryPoint\",\"urlTemplate\":\"https:\/\/evidencia-pe.com\/blog\/?s={search_term_string}\"},\"query-input\":{\"@type\":\"PropertyValueSpecification\",\"valueRequired\":true,\"valueName\":\"search_term_string\"}}],\"inLanguage\":\"es\"},{\"@type\":\"Organization\",\"@id\":\"https:\/\/evidencia-pe.com\/blog\/#organization\",\"name\":\"Evidencia\",\"url\":\"https:\/\/evidencia-pe.com\/blog\/\",\"logo\":{\"@type\":\"ImageObject\",\"inLanguage\":\"es\",\"@id\":\"https:\/\/evidencia-pe.com\/blog\/#\/schema\/logo\/image\/\",\"url\":\"https:\/\/evidencia-pe.com\/blog\/wp-content\/uploads\/2021\/07\/logo-new.png\",\"contentUrl\":\"https:\/\/evidencia-pe.com\/blog\/wp-content\/uploads\/2021\/07\/logo-new.png\",\"width\":1799,\"height\":2044,\"caption\":\"Evidencia\"},\"image\":{\"@id\":\"https:\/\/evidencia-pe.com\/blog\/#\/schema\/logo\/image\/\"},\"sameAs\":[\"https:\/\/www.facebook.com\/evidencia.pe\/\",\"https:\/\/x.com\/Evidencia_pe\",\"https:\/\/www.instagram.com\/evidencia_pe\/\",\"https:\/\/www.linkedin.com\/company\/evidencia-pe\/\",\"https:\/\/www.youtube.com\/channel\/UCrTD_hhcBfmY3B-ZgLF5xRg\"]}]}<\/script>\n<!-- \/ Yoast SEO plugin. -->","yoast_head_json":{"title":"mision-y-vision - Evidencia","robots":{"index":"index","follow":"follow","max-snippet":"max-snippet:-1","max-image-preview":"max-image-preview:large","max-video-preview":"max-video-preview:-1"},"canonical":"https:\/\/evidencia-pe.com\/blog\/mision-y-vision\/","og_locale":"es_ES","og_type":"article","og_title":"mision-y-vision - Evidencia","og_description":"Nosotros Somos un espacio de investigaci\u00f3n socioecon\u00f3mica que analiza el impacto de las pol\u00edticas p\u00fabilcas. 1Misi\u00f3n Evidencia tiene como misi\u00f3n contribuir al estudio, an\u00e1lisis y difusi\u00f3n de evidencia sobre el impacto social y econ\u00f3mico que genera la implementaci\u00f3n de las pol\u00edticas p\u00fablicas en el Per\u00fa, en favor de la ciudadan\u00eda, academia y tomadores de decisiones. Nuestra visi\u00f3n es constituirnos como &hellip;","og_url":"https:\/\/evidencia-pe.com\/blog\/mision-y-vision\/","og_site_name":"Evidencia","article_publisher":"https:\/\/www.facebook.com\/evidencia.pe\/","article_modified_time":"2024-05-06T00:44:48+00:00","og_image":[{"url":"https:\/\/evidencia-pe.com\/blog\/wp-content\/uploads\/2021\/07\/ev-back.jpeg","type":"","width":"","height":""}],"twitter_card":"summary_large_image","twitter_site":"@Evidencia_pe","twitter_misc":{"Tiempo de lectura":"1 minuto"},"schema":{"@context":"https:\/\/schema.org","@graph":[{"@type":"WebPage","@id":"https:\/\/evidencia-pe.com\/blog\/mision-y-vision\/","url":"https:\/\/evidencia-pe.com\/blog\/mision-y-vision\/","name":"mision-y-vision - Evidencia","isPartOf":{"@id":"https:\/\/evidencia-pe.com\/blog\/#website"},"primaryImageOfPage":{"@id":"https:\/\/evidencia-pe.com\/blog\/mision-y-vision\/#primaryimage"},"image":{"@id":"https:\/\/evidencia-pe.com\/blog\/mision-y-vision\/#primaryimage"},"thumbnailUrl":"https:\/\/evidencia-pe.com\/blog\/wp-content\/uploads\/2021\/07\/ev-back.jpeg","datePublished":"2021-07-21T01:20:25+00:00","dateModified":"2024-05-06T00:44:48+00:00","breadcrumb":{"@id":"https:\/\/evidencia-pe.com\/blog\/mision-y-vision\/#breadcrumb"},"inLanguage":"es","potentialAction":[{"@type":"ReadAction","target":["https:\/\/evidencia-pe.com\/blog\/mision-y-vision\/"]}]},{"@type":"ImageObject","inLanguage":"es","@id":"https:\/\/evidencia-pe.com\/blog\/mision-y-vision\/#primaryimage","url":"https:\/\/evidencia-pe.com\/blog\/wp-content\/uploads\/2021\/07\/ev-back.jpeg","contentUrl":"https:\/\/evidencia-pe.com\/blog\/wp-content\/uploads\/2021\/07\/ev-back.jpeg","width":1241,"height":1754},{"@type":"BreadcrumbList","@id":"https:\/\/evidencia-pe.com\/blog\/mision-y-vision\/#breadcrumb","itemListElement":[{"@type":"ListItem","position":1,"name":"Portada","item":"https:\/\/evidencia-pe.com\/blog\/"},{"@type":"ListItem","position":2,"name":"mision-y-vision"}]},{"@type":"WebSite","@id":"https:\/\/evidencia-pe.com\/blog\/#website","url":"https:\/\/evidencia-pe.com\/blog\/","name":"Evidencia","description":"Observatorio de pol\u00edticas p\u00fablicas","publisher":{"@id":"https:\/\/evidencia-pe.com\/blog\/#organization"},"potentialAction":[{"@type":"SearchAction","target":{"@type":"EntryPoint","urlTemplate":"https:\/\/evidencia-pe.com\/blog\/?s={search_term_string}"},"query-input":{"@type":"PropertyValueSpecification","valueRequired":true,"valueName":"search_term_string"}}],"inLanguage":"es"},{"@type":"Organization","@id":"https:\/\/evidencia-pe.com\/blog\/#organization","name":"Evidencia","url":"https:\/\/evidencia-pe.com\/blog\/","logo":{"@type":"ImageObject","inLanguage":"es","@id":"https:\/\/evidencia-pe.com\/blog\/#\/schema\/logo\/image\/","url":"https:\/\/evidencia-pe.com\/blog\/wp-content\/uploads\/2021\/07\/logo-new.png","contentUrl":"https:\/\/evidencia-pe.com\/blog\/wp-content\/uploads\/2021\/07\/logo-new.png","width":1799,"height":2044,"caption":"Evidencia"},"image":{"@id":"https:\/\/evidencia-pe.com\/blog\/#\/schema\/logo\/image\/"},"sameAs":["https:\/\/www.facebook.com\/evidencia.pe\/","https:\/\/x.com\/Evidencia_pe","https:\/\/www.instagram.com\/evidencia_pe\/","https:\/\/www.linkedin.com\/company\/evidencia-pe\/","https:\/\/www.youtube.com\/channel\/UCrTD_hhcBfmY3B-ZgLF5xRg"]}]}},"_links":{"self":[{"href":"https:\/\/evidencia-pe.com\/blog\/wp-json\/wp\/v2\/pages\/1626","targetHints":{"allow":["GET"]}}],"collection":[{"href":"https:\/\/evidencia-pe.com\/blog\/wp-json\/wp\/v2\/pages"}],"about":[{"href":"https:\/\/evidencia-pe.com\/blog\/wp-json\/wp\/v2\/types\/page"}],"author":[{"embeddable":true,"href":"https:\/\/evidencia-pe.com\/blog\/wp-json\/wp\/v2\/users\/2"}],"replies":[{"embeddable":true,"href":"https:\/\/evidencia-pe.com\/blog\/wp-json\/wp\/v2\/comments?post=1626"}],"version-history":[{"count":11,"href":"https:\/\/evidencia-pe.com\/blog\/wp-json\/wp\/v2\/pages\/1626\/revisions"}],"predecessor-version":[{"id":5125,"href":"https:\/\/evidencia-pe.com\/blog\/wp-json\/wp\/v2\/pages\/1626\/revisions\/5125"}],"wp:attachment":[{"href":"https:\/\/evidencia-pe.com\/blog\/wp-json\/wp\/v2\/media?parent=1626"}],"curies":[{"name":"wp","href":"https:\/\/api.w.org\/{rel}","templated":true}]}}